{"id":21,"date":"2010-10-26T20:06:42","date_gmt":"2010-10-26T18:06:42","guid":{"rendered":"http:\/\/www.ztkok.hr\/?page_id=21"},"modified":"2020-02-08T19:26:23","modified_gmt":"2020-02-08T17:26:23","slug":"cb-radio-klub","status":"publish","type":"page","link":"https:\/\/www.ztkok.hr\/?page_id=21","title":{"rendered":"CB radio klub"},"content":{"rendered":"<p>Prva tehni\u010dka udruga, CB radio klub Kri\u017e, koja je i danas aktivna na podru\u010dju Op\u0107ine Kri\u017e, osnovana je u 26.11.1994. godine. Prvi predsjednik je bio Stjepan Furjan, dopredsjednik Edo Bulka, tajnik Vlado \u0160u\u0161ak. Klub danas broji 15-tak \u010dlanova.<\/p>\n<ul>\n<li>Predsjednik: Davor Klajn<\/li>\n<li>Potpredsjednik: \u017deljko Linardi\u0107<\/li>\n<\/ul>\n<p>Web: <a href=\"https:\/\/www.cb-radio-klub-kriz.hr\/\">https:\/\/www.cb-radio-klub-kriz.hr\/<\/a><\/p>\n\n\n<p class=\"wp-block-paragraph\"><\/p>\n","protected":false},"excerpt":{"rendered":"<p>Prva tehni\u010dka udruga, CB radio klub Kri\u017e, koja je i danas aktivna na podru\u010dju Op\u0107ine Kri\u017e, osnovana je u 26.11.1994. godine. Prvi predsjednik je bio Stjepan Furjan, dopredsjednik Edo Bulka, tajnik Vlado \u0160u\u0161ak. Klub danas broji 15-tak \u010dlanova. Predsjednik: Davor Klajn Potpredsjednik: \u017deljko Linardi\u0107 Web: https:\/\/www.cb-radio-klub-kriz.hr\/<\/p>\n","protected":false},"author":1,"featured_media":0,"parent":0,"menu_order":1,"comment_status":"closed","ping_status":"open","template":"","meta":{"_crdt_document":"","footnotes":""},"class_list":["post-21","page","type-page","status-publish","hentry"],"_links":{"self":[{"href":"https:\/\/www.ztkok.hr\/index.php?rest_route=\/wp\/v2\/pages\/21","targetHints":{"allow":["GET"]}}],"collection":[{"href":"https:\/\/www.ztkok.hr\/index.php?rest_route=\/wp\/v2\/pages"}],"about":[{"href":"https:\/\/www.ztkok.hr\/index.php?rest_route=\/wp\/v2\/types\/page"}],"author":[{"embeddable":true,"href":"https:\/\/www.ztkok.hr\/index.php?rest_route=\/wp\/v2\/users\/1"}],"replies":[{"embeddable":true,"href":"https:\/\/www.ztkok.hr\/index.php?rest_route=%2Fwp%2Fv2%2Fcomments&post=21"}],"version-history":[{"count":7,"href":"https:\/\/www.ztkok.hr\/index.php?rest_route=\/wp\/v2\/pages\/21\/revisions"}],"predecessor-version":[{"id":275,"href":"https:\/\/www.ztkok.hr\/index.php?rest_route=\/wp\/v2\/pages\/21\/revisions\/275"}],"wp:attachment":[{"href":"https:\/\/www.ztkok.hr\/index.php?rest_route=%2Fwp%2Fv2%2Fmedia&parent=21"}],"curies":[{"name":"wp","href":"https:\/\/api.w.org\/{rel}","templated":true}]}}