{"id":23,"date":"2010-10-26T20:07:27","date_gmt":"2010-10-26T18:07:27","guid":{"rendered":"http:\/\/www.ztkok.hr\/?page_id=23"},"modified":"2022-04-02T15:00:48","modified_gmt":"2022-04-02T13:00:48","slug":"fvk-35mm","status":"publish","type":"page","link":"https:\/\/www.ztkok.hr\/?page_id=23","title":{"rendered":"FVK 35mm"},"content":{"rendered":"<p>Foto video klub 35mm Kri\u017e osnovan je 04.11.2005. na inicijativu desetak studenata iz Kri\u017ea i okolice. Upisom u registar udruga 10.11.2005. ostvareni su uvjeti za osnivanje zajednice tehni\u010dke kluture. Prvi predsjednik je bio Ante \u017daja, a tajnik Maja Mihelja. Klub danas broji preko 30 aktivnih \u010dlanova, od kojih su ve\u0107ina djeca \u0161kolskog uzrasta.<\/p>\n<ul>\n<li>Predsjednik: Ana Sovi\u0107<\/li>\n<li>Tajnik: Nikolina Zeki\u0107<\/li>\n<\/ul>\n<p>Web: <a href=\"http:\/\/www.35mm.hr\">http:\/\/www.35mm.hr\/<\/a><\/p>\n","protected":false},"excerpt":{"rendered":"<p>Foto video klub 35mm Kri\u017e osnovan je 04.11.2005. na inicijativu desetak studenata iz Kri\u017ea i okolice. Upisom u registar udruga 10.11.2005. ostvareni su uvjeti za osnivanje zajednice tehni\u010dke kluture. Prvi predsjednik je bio Ante \u017daja, a tajnik Maja Mihelja. Klub danas broji preko 30 aktivnih \u010dlanova, od kojih su ve\u0107ina djeca \u0161kolskog uzrasta. Predsjednik: Ana [&hellip;]<\/p>\n","protected":false},"author":1,"featured_media":0,"parent":0,"menu_order":2,"comment_status":"closed","ping_status":"open","template":"","meta":{"_crdt_document":"","footnotes":""},"class_list":["post-23","page","type-page","status-publish","hentry"],"_links":{"self":[{"href":"https:\/\/www.ztkok.hr\/index.php?rest_route=\/wp\/v2\/pages\/23","targetHints":{"allow":["GET"]}}],"collection":[{"href":"https:\/\/www.ztkok.hr\/index.php?rest_route=\/wp\/v2\/pages"}],"about":[{"href":"https:\/\/www.ztkok.hr\/index.php?rest_route=\/wp\/v2\/types\/page"}],"author":[{"embeddable":true,"href":"https:\/\/www.ztkok.hr\/index.php?rest_route=\/wp\/v2\/users\/1"}],"replies":[{"embeddable":true,"href":"https:\/\/www.ztkok.hr\/index.php?rest_route=%2Fwp%2Fv2%2Fcomments&post=23"}],"version-history":[{"count":7,"href":"https:\/\/www.ztkok.hr\/index.php?rest_route=\/wp\/v2\/pages\/23\/revisions"}],"predecessor-version":[{"id":302,"href":"https:\/\/www.ztkok.hr\/index.php?rest_route=\/wp\/v2\/pages\/23\/revisions\/302"}],"wp:attachment":[{"href":"https:\/\/www.ztkok.hr\/index.php?rest_route=%2Fwp%2Fv2%2Fmedia&parent=23"}],"curies":[{"name":"wp","href":"https:\/\/api.w.org\/{rel}","templated":true}]}}