{"id":7,"date":"2010-10-26T19:59:05","date_gmt":"2010-10-26T17:59:05","guid":{"rendered":"http:\/\/www.ztkok.hr\/?page_id=7"},"modified":"2022-04-02T15:04:20","modified_gmt":"2022-04-02T13:04:20","slug":"o-ztkok","status":"publish","type":"page","link":"https:\/\/www.ztkok.hr\/?page_id=7","title":{"rendered":"O nama"},"content":{"rendered":"<p><strong>Podaci o zajednici<\/strong><\/p>\n<ul>\n<li>Puni naziv: Zajednica tehni\u010dke kulture Op\u0107ine Kri\u017e<\/li>\n<li>Skra\u0107eni naziv: ZTK OK<\/li>\n<li>Adresa: Trg Sv. Kri\u017ea 5<\/li>\n<li>Mjesto: Kri\u017e<\/li>\n<li>Po\u0161tanski broj: 10314<\/li>\n<li>OIB: 27989460785<\/li>\n<li>IBAN:\u00a0HR9123400091110389407<\/li>\n<li>Registarski broj: 01003264<\/li>\n<li>Datum osnivanja: 25.04.2009<\/li>\n<li>Datum upisa u registar: 14.05.2009<\/li>\n<li>E-mail: <a href=\"mailto:ztkok@ztkok.hr\">ztkok@ztkok.hr<\/a><\/li>\n<\/ul>\n<p><strong>Izvr\u0161ni odbor:<\/strong><\/p>\n<ul>\n<li>Sa\u0161a Pavlek, predsjednik (Foto video klub 35mm Kri\u017e)<\/li>\n<li>Davor Klajn, potpredsjednik (CB radio klub Kri\u017e)<\/li>\n<li>Nikolina Zeki\u0107, tajnik (Foto video klub 35mm Kri\u017e)<\/li>\n<li>Ana Sovi\u0107 Kr\u017ei\u0107, (Roboti\u010dko informati\u010dki klub Kri\u017e)<\/li>\n<li>Jasna Mauzner (CB radio klub Kri\u017e)<\/li>\n<\/ul>\n<p><strong>Nadzorni odbor:<\/strong><\/p>\n<ul>\n<li>Predsjednik: Marija Matkovi\u0107\u00a0(Roboti\u010dko informati\u010dki klub Kri\u017e)<\/li>\n<li>\u010clan: \u017deljko Linardi\u0107\u00a0(CB radio klub Kri\u017e)<\/li>\n<li>\u010clan: Tin Pugar\u00a0(Foto video klub 35mm Kri\u017e)<\/li>\n<\/ul>\n<p><strong>Sud \u010casti:<\/strong><\/p>\n<ul>\n<li>Predsjednik: Vitomir Prebeg\u00a0(CB radio klub Kri\u017e)<\/li>\n<li>\u010clan: Antonio Bel\u010di\u0107 (Foto video klub 35mm Kri\u017e)<\/li>\n<li>\u010clan: Boris Kr\u017ei\u0107 (Roboti\u010dko informati\u010dki klub Kri\u017e)<\/li>\n<\/ul>\n<p><strong>Udruge \u010dlanice zajednice:<\/strong><\/p>\n<ul>\n<li>CB radio klub Kri\u017e<\/li>\n<li>Foto video klub 35mm Kri\u017e<\/li>\n<li>Roboti\u010dko informati\u010dki klub Kri\u017e<\/li>\n<\/ul>\n<p>Iako su uvjeti za osnivanje zajednice tehni\u010dke kulture ostvareni jo\u0161 u studenom 2005. godine, tek u prosincu 2008. godine udruge su pokrenule inicijativu za osnivanje zajednice tehni\u010dke kulture.<\/p>\n<p>Tako su predstavnici udruga: CB radio klub Kri\u017e, Foto video klub 35mm Kri\u017e, Auto klub Kri\u017e i Klub robotike, informatike i modelarstva Kri\u017e, 25.04.2009. godine odr\u017eali Osniva\u010dku Skup\u0161tinu Zajednice tehni\u010dke kulture Op\u0107ine Kri\u017e \u010dime je Op\u0107ine Kri\u017e postala prva op\u0107ina u Republici Hrvatskoj na \u010dijem podru\u010dju djeluje zajednica tehni\u010dke kulture.<\/p>\n","protected":false},"excerpt":{"rendered":"<p>Podaci o zajednici Puni naziv: Zajednica tehni\u010dke kulture Op\u0107ine Kri\u017e Skra\u0107eni naziv: ZTK OK Adresa: Trg Sv. Kri\u017ea 5 Mjesto: Kri\u017e Po\u0161tanski broj: 10314 OIB: 27989460785 IBAN:\u00a0HR9123400091110389407 Registarski broj: 01003264 Datum osnivanja: 25.04.2009 Datum upisa u registar: 14.05.2009 E-mail: ztkok@ztkok.hr Izvr\u0161ni odbor: Sa\u0161a Pavlek, predsjednik (Foto video klub 35mm Kri\u017e) Davor Klajn, potpredsjednik (CB radio [&hellip;]<\/p>\n","protected":false},"author":1,"featured_media":0,"parent":0,"menu_order":7,"comment_status":"closed","ping_status":"open","template":"","meta":{"_crdt_document":"","footnotes":""},"class_list":["post-7","page","type-page","status-publish","hentry"],"_links":{"self":[{"href":"https:\/\/www.ztkok.hr\/index.php?rest_route=\/wp\/v2\/pages\/7","targetHints":{"allow":["GET"]}}],"collection":[{"href":"https:\/\/www.ztkok.hr\/index.php?rest_route=\/wp\/v2\/pages"}],"about":[{"href":"https:\/\/www.ztkok.hr\/index.php?rest_route=\/wp\/v2\/types\/page"}],"author":[{"embeddable":true,"href":"https:\/\/www.ztkok.hr\/index.php?rest_route=\/wp\/v2\/users\/1"}],"replies":[{"embeddable":true,"href":"https:\/\/www.ztkok.hr\/index.php?rest_route=%2Fwp%2Fv2%2Fcomments&post=7"}],"version-history":[{"count":21,"href":"https:\/\/www.ztkok.hr\/index.php?rest_route=\/wp\/v2\/pages\/7\/revisions"}],"predecessor-version":[{"id":305,"href":"https:\/\/www.ztkok.hr\/index.php?rest_route=\/wp\/v2\/pages\/7\/revisions\/305"}],"wp:attachment":[{"href":"https:\/\/www.ztkok.hr\/index.php?rest_route=%2Fwp%2Fv2%2Fmedia&parent=7"}],"curies":[{"name":"wp","href":"https:\/\/api.w.org\/{rel}","templated":true}]}}